{"id":763,"date":"2022-01-31T23:13:32","date_gmt":"2022-01-31T23:13:32","guid":{"rendered":"https:\/\/goexplorecolombia.com\/?page_id=763"},"modified":"2022-05-02T00:38:48","modified_gmt":"2022-05-02T00:38:48","slug":"colombia","status":"publish","type":"page","link":"https:\/\/www.goexplorecolombia.com\/es\/colombia\/","title":{"rendered":"COLOMBIA"},"content":{"rendered":"\t\t<div data-elementor-type=\"wp-page\" data-elementor-id=\"763\" class=\"elementor elementor-763\" data-elementor-post-type=\"page\">\n\t\t\t\t\t\t<section class=\"elementor-section elementor-top-section elementor-element elementor-element-38befd7 elementor-section-boxed elementor-section-height-default elementor-section-height-default\" data-id=\"38befd7\" data-element_type=\"section\">\n\t\t\t\t\t\t<div class=\"elementor-container elementor-column-gap-default\">\n\t\t\t\t\t<div class=\"elementor-column elementor-col-100 elementor-top-column elementor-element elementor-element-605f132\" data-id=\"605f132\" data-element_type=\"column\">\n\t\t\t<div class=\"elementor-widget-wrap elementor-element-populated\">\n\t\t\t\t\t\t<div class=\"elementor-element elementor-element-8f70e92 elementor-widget elementor-widget-slider_revolution\" data-id=\"8f70e92\" data-element_type=\"widget\" data-widget_type=\"slider_revolution.default\">\n\t\t\t\t<div class=\"elementor-widget-container\">\n\t\t\t\t\t\n\t\t<div class=\"wp-block-themepunch-revslider\">\n\t\t\t\t<p class=\"rs-p-wp-fix\"><\/p>\n\t\t\t\t<sr7-module data-alias=\"we-promise-1\" data-id=\"4\" id=\"SR7_4_1\" class=\"rs-ov-hidden\" data-version=\"6.7.35\">\n\t\t\t\t\t<sr7-adjuster><\/sr7-adjuster>\n\t\t\t\t\t<sr7-content>\n\t\t\t\t\t\t<sr7-slide id=\"SR7_4_1-11\" data-key=\"11\">\n\t\t\t\t\t\t\t<sr7-txt id=\"SR7_4_1-11-1\" class=\"sr7-layer\">QUEREMOS RECORRER<\/sr7-txt>\n\t\t\t\t\t\t\t<sr7-txt id=\"SR7_4_1-11-2\" class=\"sr7-layer\">NUEVOS CAMINOS<br \/>\n<\/sr7-txt>\n\t\t\t\t\t\t\t<sr7-txt id=\"SR7_4_1-11-3\" class=\"sr7-layer\">CONTIGO<\/sr7-txt>\n\t\t\t\t\t\t\t<sr7-txt id=\"SR7_4_1-11-8\" class=\"sr7-layer\">Y acompa\u00f1arte a descubrir<br \/>\n<\/sr7-txt>\n\t\t\t\t\t\t\t<sr7-txt id=\"SR7_4_1-11-9\" class=\"sr7-layer\">NUEVAS<\/sr7-txt>\n\t\t\t\t\t\t\t<sr7-txt id=\"SR7_4_1-11-10\" class=\"sr7-layer\">DIFERENTES<\/sr7-txt>\n\t\t\t\t\t\t\t<sr7-txt id=\"SR7_4_1-11-11\" class=\"sr7-layer\"><span style=\"color: #ffffff\">Y<\/span> DIVERTIDAS<\/sr7-txt>\n\t\t\t\t\t\t\t<sr7-txt id=\"SR7_4_1-11-12\" class=\"sr7-layer\">formas para<\/sr7-txt>\n\t\t\t\t\t\t\t<sr7-txt id=\"SR7_4_1-11-13\" class=\"sr7-layer\">conocer Colombia<\/sr7-txt>\n\t\t\t\t\t\t<\/sr7-slide>\n\t\t\t\t\t\t<sr7-slide id=\"SR7_4_1-12\" data-key=\"12\">\n\t\t\t\t\t\t\t<sr7-bg id=\"SR7_4_1-12-1\" class=\"sr7-layer\"><noscript><img decoding=\"async\" src=\"https:\/\/goexplorecolombia.com\/wp-content\/uploads\/2022\/01\/Plantilla-coordenadas.jpg\" alt=\"\" title=\"Plantilla coordenadas\"><\/noscript><\/sr7-bg>\n\t\t\t\t\t\t<\/sr7-slide>\n\t\t\t\t\t\t<sr7-slide id=\"SR7_4_1-13\" data-key=\"13\">\n\t\t\t\t\t\t\t<sr7-bg id=\"SR7_4_1-13-1\" class=\"sr7-layer\"><noscript><img decoding=\"async\" src=\"https:\/\/goexplorecolombia.com\/wp-content\/uploads\/2022\/01\/Plantilla-coordenadas-1.jpg\" alt=\"\" title=\"Plantilla coordenadas\"><\/noscript><\/sr7-bg>\n\t\t\t\t\t\t<\/sr7-slide>\n\t\t\t\t\t\t<sr7-slide id=\"SR7_4_1-259\" data-key=\"259\">\n\t\t\t\t\t\t<\/sr7-slide>\n\t\t\t\t\t<\/sr7-content>\n\t\t\t\t\t<image_lists style=\"display:none\">\n\t\t\t\t\t\t<img data-rjs=\"2\" data-src=\"\/\/goexplorecolombia.com\/wp-content\/uploads\/2022\/01\/Flecha-Blanca-Derecha.png\" data-libid=\"765\" data-lib=\"medialibrary\" title=\"Flecha-Blanca-Derecha\" width=\"0\" height=\"0\" data-dbsrc=\"Ly9nb2V4cGxvcmVjb2xvbWJpYS5jb20vd3AtY29udGVudC91cGxvYWRzLzIwMjIvMDEvRmxlY2hhLUJsYW5jYS1EZXJlY2hhLnBuZw==\"\/>\n\t\t\t\t\t\t<img data-rjs=\"2\" data-src=\"\/\/goexplorecolombia.com\/wp-content\/uploads\/2022\/01\/Flecha-Blanca-Izquierda.png\" data-libid=\"766\" data-lib=\"medialibrary\" title=\"Flecha-Blanca-Izquierda\" width=\"0\" height=\"0\" data-dbsrc=\"Ly9nb2V4cGxvcmVjb2xvbWJpYS5jb20vd3AtY29udGVudC91cGxvYWRzLzIwMjIvMDEvRmxlY2hhLUJsYW5jYS1JenF1aWVyZGEucG5n\"\/>\n\t\t\t\t\t\t<img data-rjs=\"2\" data-src=\"\/\/goexplorecolombia.com\/wp-content\/uploads\/2022\/01\/Colombia-1.png\" data-libid=\"773\" data-lib=\"medialibrary\" title=\"Colombia\" width=\"0\" height=\"0\" data-dbsrc=\"Ly9nb2V4cGxvcmVjb2xvbWJpYS5jb20vd3AtY29udGVudC91cGxvYWRzLzIwMjIvMDEvQ29sb21iaWEtMS5wbmc=\"\/>\n\t\t\t\t\t\t<img data-rjs=\"2\" loading=\"lazy\" data-src=\"\/\/goexplorecolombia.com\/wp-content\/uploads\/2022\/01\/Plantilla-coordenadas.jpg\" data-libid=\"777\" data-lib=\"medialibrary\" title=\"Plantilla coordenadas\" width=\"0\" height=\"0\" data-dbsrc=\"Ly9nb2V4cGxvcmVjb2xvbWJpYS5jb20vd3AtY29udGVudC91cGxvYWRzLzIwMjIvMDEvUGxhbnRpbGxhLWNvb3JkZW5hZGFzLmpwZw==\"\/>\n\t\t\t\t\t\t<img data-rjs=\"2\" loading=\"lazy\" data-src=\"\/\/goexplorecolombia.com\/wp-content\/uploads\/2022\/01\/Plantilla-coordenadas-1.jpg\" data-libid=\"779\" data-lib=\"medialibrary\" title=\"Plantilla coordenadas\" width=\"0\" height=\"0\" data-dbsrc=\"Ly9nb2V4cGxvcmVjb2xvbWJpYS5jb20vd3AtY29udGVudC91cGxvYWRzLzIwMjIvMDEvUGxhbnRpbGxhLWNvb3JkZW5hZGFzLTEuanBn\"\/>\n\t\t\t\t\t<\/image_lists>\n\t\t\t\t<\/sr7-module>\n\t\t\t\t<script>\n\t\t\t\t\tSR7.PMH ??={}; SR7.PMH[\"SR7_4_1\"] = {cn:100,state:false,fn: function() { if (_tpt!==undefined && _tpt.prepareModuleHeight !== undefined) {  _tpt.prepareModuleHeight({id:\"SR7_4_1\",el:[765,765,765,765,720],type:'standard',shdw:'0',gh:[765,765,765,765,720],gw:[1360,1360,1360,1360,480],vpt:['-200px&#039;,&#039;-200px&#039;,&#039;-200px&#039;,&#039;-200px&#039;,&#039;-200px'],size:{fullWidth:true, fullHeight:false},mh:'0',onh:0,onw:0,bg:{color:'{\"orig\":\"transparent\",\"type\":\"solid\",\"string\":\"transparent\"}'}});   SR7.PMH[\"SR7_4_1\"].state=true;} else if(SR7.PMH[\"SR7_4_1\"].cn-->0)\tsetTimeout( SR7.PMH[\"SR7_4_1\"].fn,19);}};SR7.PMH[\"SR7_4_1\" ].fn();\n\t\t\t\t<\/script>\n<\/div>\n\n\t\t\t\t\t\t<\/div>\n\t\t\t\t<\/div>\n\t\t\t\t\t<\/div>\n\t\t<\/div>\n\t\t\t\t\t<\/div>\n\t\t<\/section>\n\t\t\t\t<section class=\"elementor-section elementor-top-section elementor-element elementor-element-996378a elementor-section-boxed elementor-section-height-default elementor-section-height-default\" data-id=\"996378a\" data-element_type=\"section\" data-settings=\"{&quot;background_background&quot;:&quot;classic&quot;}\">\n\t\t\t\t\t\t\t<div class=\"elementor-background-overlay\"><\/div>\n\t\t\t\t\t\t\t<div class=\"elementor-container elementor-column-gap-default\">\n\t\t\t\t\t<div class=\"elementor-column elementor-col-100 elementor-top-column elementor-element elementor-element-9052b32\" data-id=\"9052b32\" data-element_type=\"column\">\n\t\t\t<div class=\"elementor-widget-wrap elementor-element-populated\">\n\t\t\t\t\t\t<div class=\"elementor-element elementor-element-53bfe0d elementor-widget elementor-widget-heading\" data-id=\"53bfe0d\" data-element_type=\"widget\" data-widget_type=\"heading.default\">\n\t\t\t\t<div class=\"elementor-widget-container\">\n\t\t\t\t\t<h2 class=\"elementor-heading-title elementor-size-default\">Colombia tambi\u00e9n es conocida como el \u201cpa\u00eds de los 1000 ritmos\u201d, se pueden encontrar 1025 ritmos musicales catalogados, y al menos 30 son famosos como: Vallenato, Cumbia, Bambuco, Porro, etc.\n<\/h2>\t\t\t\t<\/div>\n\t\t\t\t<\/div>\n\t\t\t\t\t<\/div>\n\t\t<\/div>\n\t\t\t\t\t<\/div>\n\t\t<\/section>\n\t\t\t\t<section class=\"elementor-section elementor-top-section elementor-element elementor-element-28532fd elementor-section-boxed elementor-section-height-default elementor-section-height-default\" data-id=\"28532fd\" data-element_type=\"section\" data-settings=\"{&quot;background_background&quot;:&quot;classic&quot;}\">\n\t\t\t\t\t\t\t<div class=\"elementor-background-overlay\"><\/div>\n\t\t\t\t\t\t\t<div class=\"elementor-container elementor-column-gap-default\">\n\t\t\t\t\t<div class=\"elementor-column elementor-col-100 elementor-top-column elementor-element elementor-element-0514fce\" data-id=\"0514fce\" data-element_type=\"column\">\n\t\t\t<div class=\"elementor-widget-wrap elementor-element-populated\">\n\t\t\t\t\t\t<div class=\"elementor-element elementor-element-656bd69 elementor-widget elementor-widget-heading\" data-id=\"656bd69\" data-element_type=\"widget\" data-widget_type=\"heading.default\">\n\t\t\t\t<div class=\"elementor-widget-container\">\n\t\t\t\t\t<h2 class=\"elementor-heading-title elementor-size-default\">\u00a1EXPLOREMOS JUNTOS COLOMBIA!<\/h2>\t\t\t\t<\/div>\n\t\t\t\t<\/div>\n\t\t\t\t\t<\/div>\n\t\t<\/div>\n\t\t\t\t\t<\/div>\n\t\t<\/section>\n\t\t\t\t<section class=\"elementor-section elementor-top-section elementor-element elementor-element-56f1954 elementor-section-boxed elementor-section-height-default elementor-section-height-default\" data-id=\"56f1954\" data-element_type=\"section\">\n\t\t\t\t\t\t<div class=\"elementor-container elementor-column-gap-no\">\n\t\t\t\t\t<div class=\"elementor-column elementor-col-100 elementor-top-column elementor-element elementor-element-b7b5cd0\" data-id=\"b7b5cd0\" data-element_type=\"column\" data-settings=\"{&quot;background_background&quot;:&quot;classic&quot;}\">\n\t\t\t<div class=\"elementor-widget-wrap elementor-element-populated\">\n\t\t\t\t\t\t<div class=\"elementor-element elementor-element-05d7650 elementor-widget elementor-widget-text-editor\" data-id=\"05d7650\" data-element_type=\"widget\" data-widget_type=\"text-editor.default\">\n\t\t\t\t<div class=\"elementor-widget-container\">\n\t\t\t\t\t\t\t\t\t<p style=\"text-align: center;\">A trav\u00e9s de<b> <\/b><b>rutas<\/b><b> <\/b><b>alternativas<\/b><b> <\/b>que te dar\u00e1n la oportunidad de tener una visi\u00f3n m\u00e1s\u00a0profunda de este hermoso y enorme pa\u00eds<\/p>\t\t\t\t\t\t\t\t<\/div>\n\t\t\t\t<\/div>\n\t\t\t\t\t<\/div>\n\t\t<\/div>\n\t\t\t\t\t<\/div>\n\t\t<\/section>\n\t\t\t\t<section class=\"elementor-section elementor-top-section elementor-element elementor-element-d39ee36 elementor-section-full_width elementor-section-height-default elementor-section-height-default\" data-id=\"d39ee36\" data-element_type=\"section\">\n\t\t\t\t\t\t<div class=\"elementor-container elementor-column-gap-default\">\n\t\t\t\t\t<div class=\"elementor-column elementor-col-100 elementor-top-column elementor-element elementor-element-e7e2eea\" data-id=\"e7e2eea\" data-element_type=\"column\">\n\t\t\t<div class=\"elementor-widget-wrap elementor-element-populated\">\n\t\t\t\t\t\t<section class=\"elementor-section elementor-inner-section elementor-element elementor-element-87471e3 elementor-section-boxed elementor-section-height-default elementor-section-height-default\" data-id=\"87471e3\" data-element_type=\"section\">\n\t\t\t\t\t\t<div class=\"elementor-container elementor-column-gap-wider\">\n\t\t\t\t\t<div class=\"elementor-column elementor-col-50 elementor-inner-column elementor-element elementor-element-387f170\" data-id=\"387f170\" data-element_type=\"column\">\n\t\t\t<div class=\"elementor-widget-wrap elementor-element-populated\">\n\t\t\t\t\t\t<div class=\"elementor-element elementor-element-1893cc8 elementor-widget elementor-widget-text-editor\" data-id=\"1893cc8\" data-element_type=\"widget\" data-widget_type=\"text-editor.default\">\n\t\t\t\t<div class=\"elementor-widget-container\">\n\t\t\t\t\t\t\t\t\t<p><b>\u00a1Queremos<\/b><b> <\/b><b>invitarte<\/b><b> <\/b><b>a<\/b><b> <\/b><b>disfrutar<\/b><b> <\/b><b>un<\/b><b> <\/b><b>pa\u00eds<\/b><b> <\/b><b>m\u00e1gico!<\/b><\/p><p>Su privilegio geogr\u00e1fico, te permite descubrir una <b>gran variedad de\u00a0<\/b><b>ecosistemas<\/b> que te aseguramos no podr\u00e1s encontrar en ninguna parte del\u00a0mundo. Lugares donde puedes <b>estar en la boca de un volc\u00e1n en Los Andes\u00a0<\/b><b>a 5000msn de altura, rodeado de glaciares y ese mismo d\u00eda podr\u00edas estar<\/b><\/p><p><b>en medio de una selva primaria<\/b> que se pierde en el horizonte, o <b>recorrer\u00a0<\/b><b>desiertos, playas v\u00edrgenes y asentamientos ind\u00edgenas<\/b>.<\/p><p>Sin duda un destino para que disfrutes explorando miles de historias, paisajes,\u00a0<b>tradiciones culturales<\/b> o <b>gastron\u00f3micas<\/b> as\u00ed como <b>musicales<\/b> y adem\u00e1s\u00a0cientos de amigos por conocer, que se quedar\u00e1n tatuados en tu memoria.<\/p>\t\t\t\t\t\t\t\t<\/div>\n\t\t\t\t<\/div>\n\t\t\t\t\t<\/div>\n\t\t<\/div>\n\t\t\t\t<div class=\"elementor-column elementor-col-50 elementor-inner-column elementor-element elementor-element-0399e3d\" data-id=\"0399e3d\" data-element_type=\"column\">\n\t\t\t<div class=\"elementor-widget-wrap elementor-element-populated\">\n\t\t\t\t\t\t<div class=\"elementor-element elementor-element-f3a7499 elementor-widget elementor-widget-text-editor\" data-id=\"f3a7499\" data-element_type=\"widget\" data-widget_type=\"text-editor.default\">\n\t\t\t\t<div class=\"elementor-widget-container\">\n\t\t\t\t\t\t\t\t\t<h4 style=\"text-align: center;\"><b>Nosotros somos<\/b><\/h4><p style=\"text-align: center;\">Viajeros como t\u00fa<\/p><p style=\"text-align: center;\">Amables<\/p><p style=\"text-align: center;\">Flexibles<\/p><p style=\"text-align: center;\">Respetuosos<\/p><p style=\"text-align: center;\">Pacientes<\/p><p style=\"text-align: center;\">Honestos<\/p><p style=\"text-align: center;\"><b>\u00a1Y Nos encanta recorrer el mundo!<\/b><\/p>\t\t\t\t\t\t\t\t<\/div>\n\t\t\t\t<\/div>\n\t\t\t\t\t<\/div>\n\t\t<\/div>\n\t\t\t\t\t<\/div>\n\t\t<\/section>\n\t\t\t\t\t<\/div>\n\t\t<\/div>\n\t\t\t\t\t<\/div>\n\t\t<\/section>\n\t\t\t\t<section class=\"elementor-section elementor-top-section elementor-element elementor-element-1851ce9 elementor-section-full_width elementor-section-height-default elementor-section-height-default\" data-id=\"1851ce9\" data-element_type=\"section\" data-settings=\"{&quot;background_background&quot;:&quot;classic&quot;}\">\n\t\t\t\t\t\t<div class=\"elementor-container elementor-column-gap-default\">\n\t\t\t\t\t<div class=\"elementor-column elementor-col-100 elementor-top-column elementor-element elementor-element-3b5de39\" data-id=\"3b5de39\" data-element_type=\"column\">\n\t\t\t<div class=\"elementor-widget-wrap\">\n\t\t\t\t\t\t\t<\/div>\n\t\t<\/div>\n\t\t\t\t\t<\/div>\n\t\t<\/section>\n\t\t\t\t<section class=\"elementor-section elementor-top-section elementor-element elementor-element-7447efb elementor-section-boxed elementor-section-height-default elementor-section-height-default\" data-id=\"7447efb\" data-element_type=\"section\" data-settings=\"{&quot;background_background&quot;:&quot;classic&quot;}\">\n\t\t\t\t\t\t\t<div class=\"elementor-background-overlay\"><\/div>\n\t\t\t\t\t\t\t<div class=\"elementor-container elementor-column-gap-default\">\n\t\t\t\t\t<div class=\"elementor-column elementor-col-100 elementor-top-column elementor-element elementor-element-17c14a6\" data-id=\"17c14a6\" data-element_type=\"column\">\n\t\t\t<div class=\"elementor-widget-wrap elementor-element-populated\">\n\t\t\t\t\t\t<div class=\"elementor-element elementor-element-d04de8e elementor-widget elementor-widget-heading\" data-id=\"d04de8e\" data-element_type=\"widget\" data-widget_type=\"heading.default\">\n\t\t\t\t<div class=\"elementor-widget-container\">\n\t\t\t\t\t<h2 class=\"elementor-heading-title elementor-size-default\">Colombia es el segundo pa\u00eds del mundo en t\u00e9rminos de biodiversidad\n<\/h2>\t\t\t\t<\/div>\n\t\t\t\t<\/div>\n\t\t\t\t\t<\/div>\n\t\t<\/div>\n\t\t\t\t\t<\/div>\n\t\t<\/section>\n\t\t\t\t<\/div>\n\t\t","protected":false},"excerpt":{"rendered":"<p>Colombia tambi\u00e9n es conocida como el \u201cpa\u00eds de los 1000 ritmos\u201d, se pueden encontrar 1025 ritmos musicales catalogados, y al menos 30 son famosos como: Vallenato, Cumbia, Bambuco, Porro, etc. \u00a1EXPLOREMOS JUNTOS COLOMBIA! A trav\u00e9s de rutas alternativas que te &hellip; <a href=\"https:\/\/www.goexplorecolombia.com\/es\/colombia\/\">Read More<\/a><\/p>\n","protected":false},"author":1,"featured_media":0,"parent":0,"menu_order":0,"comment_status":"closed","ping_status":"closed","template":"","meta":{"footnotes":""},"class_list":["post-763","page","type-page","status-publish","hentry"],"yoast_head":"<!-- This site is optimized with the Yoast SEO Premium plugin v25.4 (Yoast SEO v26.6) - https:\/\/yoast.com\/wordpress\/plugins\/seo\/ -->\n<title>COLOMBIA - Go Explore Colombia<\/title>\n<meta name=\"robots\" content=\"index, follow, max-snippet:-1, max-image-preview:large, max-video-preview:-1\" \/>\n<link rel=\"canonical\" href=\"https:\/\/www.goexplorecolombia.com\/es\/colombia\/\" \/>\n<meta property=\"og:locale\" content=\"es_ES\" \/>\n<meta property=\"og:type\" content=\"article\" \/>\n<meta property=\"og:title\" content=\"COLOMBIA\" \/>\n<meta property=\"og:description\" content=\"Colombia tambi\u00e9n es conocida como el \u201cpa\u00eds de los 1000 ritmos\u201d, se pueden encontrar 1025 ritmos musicales catalogados, y al menos 30 son famosos como: Vallenato, Cumbia, Bambuco, Porro, etc. \u00a1EXPLOREMOS JUNTOS COLOMBIA! A trav\u00e9s de rutas alternativas que te &hellip; Read More\" \/>\n<meta property=\"og:url\" content=\"https:\/\/www.goexplorecolombia.com\/es\/colombia\/\" \/>\n<meta property=\"og:site_name\" content=\"Go Explore Colombia\" \/>\n<meta property=\"article:publisher\" content=\"http:\/\/www.facebook.com\/goexplorecolombia\/\" \/>\n<meta property=\"article:modified_time\" content=\"2022-05-02T00:38:48+00:00\" \/>\n<meta property=\"og:image\" content=\"https:\/\/www.goexplorecolombia.com\/wp-content\/uploads\/2022\/01\/1.jpg\" \/>\n\t<meta property=\"og:image:width\" content=\"1920\" \/>\n\t<meta property=\"og:image:height\" content=\"1080\" \/>\n\t<meta property=\"og:image:type\" content=\"image\/jpeg\" \/>\n<meta name=\"twitter:label1\" content=\"Tiempo de lectura\" \/>\n\t<meta name=\"twitter:data1\" content=\"1 minuto\" \/>\n<script type=\"application\/ld+json\" class=\"yoast-schema-graph\">{\"@context\":\"https:\/\/schema.org\",\"@graph\":[{\"@type\":\"WebPage\",\"@id\":\"https:\/\/www.goexplorecolombia.com\/es\/colombia\/\",\"url\":\"https:\/\/www.goexplorecolombia.com\/es\/colombia\/\",\"name\":\"COLOMBIA - Go Explore Colombia\",\"isPartOf\":{\"@id\":\"https:\/\/www.goexplorecolombia.com\/es\/#website\"},\"datePublished\":\"2022-01-31T23:13:32+00:00\",\"dateModified\":\"2022-05-02T00:38:48+00:00\",\"breadcrumb\":{\"@id\":\"https:\/\/www.goexplorecolombia.com\/es\/colombia\/#breadcrumb\"},\"inLanguage\":\"es\",\"potentialAction\":[{\"@type\":\"ReadAction\",\"target\":[\"https:\/\/www.goexplorecolombia.com\/es\/colombia\/\"]}]},{\"@type\":\"BreadcrumbList\",\"@id\":\"https:\/\/www.goexplorecolombia.com\/es\/colombia\/#breadcrumb\",\"itemListElement\":[{\"@type\":\"ListItem\",\"position\":1,\"name\":\"Portada\",\"item\":\"https:\/\/www.goexplorecolombia.com\/es\/\"},{\"@type\":\"ListItem\",\"position\":2,\"name\":\"COLOMBIA\"}]},{\"@type\":\"WebSite\",\"@id\":\"https:\/\/www.goexplorecolombia.com\/es\/#website\",\"url\":\"https:\/\/www.goexplorecolombia.com\/es\/\",\"name\":\"Go Explore Colombia\",\"description\":\"Viajes de Cultura y Aventura en Colombia\",\"potentialAction\":[{\"@type\":\"SearchAction\",\"target\":{\"@type\":\"EntryPoint\",\"urlTemplate\":\"https:\/\/www.goexplorecolombia.com\/es\/?s={search_term_string}\"},\"query-input\":{\"@type\":\"PropertyValueSpecification\",\"valueRequired\":true,\"valueName\":\"search_term_string\"}}],\"inLanguage\":\"es\"}]}<\/script>\n<!-- \/ Yoast SEO Premium plugin. -->","yoast_head_json":{"title":"COLOMBIA - Go Explore Colombia","robots":{"index":"index","follow":"follow","max-snippet":"max-snippet:-1","max-image-preview":"max-image-preview:large","max-video-preview":"max-video-preview:-1"},"canonical":"https:\/\/www.goexplorecolombia.com\/es\/colombia\/","og_locale":"es_ES","og_type":"article","og_title":"COLOMBIA","og_description":"Colombia tambi\u00e9n es conocida como el \u201cpa\u00eds de los 1000 ritmos\u201d, se pueden encontrar 1025 ritmos musicales catalogados, y al menos 30 son famosos como: Vallenato, Cumbia, Bambuco, Porro, etc. \u00a1EXPLOREMOS JUNTOS COLOMBIA! A trav\u00e9s de rutas alternativas que te &hellip; Read More","og_url":"https:\/\/www.goexplorecolombia.com\/es\/colombia\/","og_site_name":"Go Explore Colombia","article_publisher":"http:\/\/www.facebook.com\/goexplorecolombia\/","article_modified_time":"2022-05-02T00:38:48+00:00","og_image":[{"width":1920,"height":1080,"url":"https:\/\/www.goexplorecolombia.com\/wp-content\/uploads\/2022\/01\/1.jpg","type":"image\/jpeg"}],"twitter_misc":{"Tiempo de lectura":"1 minuto"},"schema":{"@context":"https:\/\/schema.org","@graph":[{"@type":"WebPage","@id":"https:\/\/www.goexplorecolombia.com\/es\/colombia\/","url":"https:\/\/www.goexplorecolombia.com\/es\/colombia\/","name":"COLOMBIA - Go Explore Colombia","isPartOf":{"@id":"https:\/\/www.goexplorecolombia.com\/es\/#website"},"datePublished":"2022-01-31T23:13:32+00:00","dateModified":"2022-05-02T00:38:48+00:00","breadcrumb":{"@id":"https:\/\/www.goexplorecolombia.com\/es\/colombia\/#breadcrumb"},"inLanguage":"es","potentialAction":[{"@type":"ReadAction","target":["https:\/\/www.goexplorecolombia.com\/es\/colombia\/"]}]},{"@type":"BreadcrumbList","@id":"https:\/\/www.goexplorecolombia.com\/es\/colombia\/#breadcrumb","itemListElement":[{"@type":"ListItem","position":1,"name":"Portada","item":"https:\/\/www.goexplorecolombia.com\/es\/"},{"@type":"ListItem","position":2,"name":"COLOMBIA"}]},{"@type":"WebSite","@id":"https:\/\/www.goexplorecolombia.com\/es\/#website","url":"https:\/\/www.goexplorecolombia.com\/es\/","name":"Go Explore Colombia","description":"Viajes de Cultura y Aventura en Colombia","potentialAction":[{"@type":"SearchAction","target":{"@type":"EntryPoint","urlTemplate":"https:\/\/www.goexplorecolombia.com\/es\/?s={search_term_string}"},"query-input":{"@type":"PropertyValueSpecification","valueRequired":true,"valueName":"search_term_string"}}],"inLanguage":"es"}]}},"_links":{"self":[{"href":"https:\/\/www.goexplorecolombia.com\/es\/wp-json\/wp\/v2\/pages\/763","targetHints":{"allow":["GET"]}}],"collection":[{"href":"https:\/\/www.goexplorecolombia.com\/es\/wp-json\/wp\/v2\/pages"}],"about":[{"href":"https:\/\/www.goexplorecolombia.com\/es\/wp-json\/wp\/v2\/types\/page"}],"author":[{"embeddable":true,"href":"https:\/\/www.goexplorecolombia.com\/es\/wp-json\/wp\/v2\/users\/1"}],"replies":[{"embeddable":true,"href":"https:\/\/www.goexplorecolombia.com\/es\/wp-json\/wp\/v2\/comments?post=763"}],"version-history":[{"count":0,"href":"https:\/\/www.goexplorecolombia.com\/es\/wp-json\/wp\/v2\/pages\/763\/revisions"}],"wp:attachment":[{"href":"https:\/\/www.goexplorecolombia.com\/es\/wp-json\/wp\/v2\/media?parent=763"}],"curies":[{"name":"wp","href":"https:\/\/api.w.org\/{rel}","templated":true}]}}